{"id":5910,"date":"2022-06-10T14:59:39","date_gmt":"2022-06-10T14:59:39","guid":{"rendered":"https:\/\/staging-arc.liquid-themes.com\/construction-two\/?page_id=5910"},"modified":"2025-10-17T10:10:54","modified_gmt":"2025-10-17T10:10:54","slug":"projeler","status":"publish","type":"page","link":"https:\/\/ibegegroup.com\/en\/projeler\/","title":{"rendered":"Projects"},"content":{"rendered":"<div data-elementor-type=\"wp-page\" data-elementor-id=\"5910\" class=\"elementor elementor-5910\" data-elementor-post-type=\"page\">\n\t\t\t\t\t\t<section class=\"elementor-section elementor-top-section elementor-element elementor-element-640aa76b elementor-section-boxed elementor-section-height-default elementor-section-height-default\" data-id=\"640aa76b\" data-element_type=\"section\">\n\t\t\t\t\t\t<div class=\"elementor-container elementor-column-gap-default\">\n\t\t\t\t\t<div class=\"elementor-column elementor-col-100 elementor-top-column elementor-element elementor-element-2153f65c\" data-id=\"2153f65c\" data-element_type=\"column\">\n\t\t\t<div class=\"elementor-widget-wrap elementor-element-populated\">\n\t\t\t\t\t\t<div class=\"elementor-element elementor-element-2b7d6686 elementor-widget elementor-widget-ld_portfolio\" data-id=\"2b7d6686\" data-element_type=\"widget\" data-widget_type=\"ld_portfolio.default\">\n\t\t\t\t<div class=\"elementor-widget-container\">\n\t\t\t\t\t<div class=\"lqd-pf-grid lqd-pf-grid-2b7d6686\"><div id=\"lqd-pf-grid-2b7d6686\" class=\"lqd-pf-row row d-flex flex-wrap lqd-pf-grid-2b7d6686\" data-liquid-masonry=\"true\" data-masonry-options='{ \"layoutMode\": \"packery\" }'><div class=\"lqd-pf-column col-md-4 col-sm-6 col-xs-12 col-sm-6 col-xs-12 masonry-item devam-eden-projeler\">\n\n\t<article id=\"post-6641\" class=\"lqd-pf-item lqd-pf-item-style-6 border-radius-6 p-3 pt-4 lqd-pf-color-custom post-6641 liquid-portfolio type-liquid-portfolio status-publish format-standard has-post-thumbnail hentry liquid-portfolio-category-devam-eden-projeler\">\n\t\t<div class=\"lqd-pf-item-inner\">\n\n\t\t\t<div class=\"lqd-pf-img mb-3 pos-rel border-radius-10 overflow-hidden\">\n\t\t\t\t<figure>\n\t\t\t\t\t<figure  class=\"w-100\"><img fetchpriority=\"high\" decoding=\"async\" width=\"748\" height=\"476\" src=\"https:\/\/ibegegroup.com\/wp-content\/uploads\/2025\/08\/Adsiz-tasarim-5-748x476.jpg\" class=\"w-100 wp-post-image\" alt=\"Adsiz tasarim 5\" \/><\/figure>\t\t\t\t<\/figure>\n\t\t\t\t<span class=\"lqd-pf-overlay-bg lqd-overlay d-flex align-items-center justify-content-center\">\n\t\t\t\t<\/span>\n\t\t\t<\/div>\n\n\t\t\t<div class=\"lqd-pf-details\">\n\t\t\t\t<div class=\"d-flex justify-content-between\">\n\t\t\t\t\t\t\t\t\t\t<h2 class=\"lqd-pf-title mt-0 align-items-center h5\">Agaoglu Maslak 1453<\/h2>\t\t\t\t\t\t\t\t\t<\/div>\n\t\t\t\t<ul class=\"reset-ul inline-nav lqd-pf-cat d-inline-flex pos-rel z-index-2\"><li><a href=\"https:\/\/ibegegroup.com\/en\/portfolio-category\/devam-eden-projeler\/\">Ongoing Projects<\/a><\/li><\/ul>\t\t\t<\/div>\n\n\t\t\t<a href=\"https:\/\/ibegegroup.com\/wp-content\/uploads\/2025\/08\/Adsiz-tasarim-5.jpg\" class=\"lqd-overlay lqd-pf-overlay-link fresco lqd-cc-label-trigger\" data-fresco-group=\"2b7d6686\" data-cc-icon-color=\"\"><\/a>\n\t\t<\/div>\n\t<\/article>\n\n<\/div><div class=\"lqd-pf-column col-md-4 col-sm-6 col-xs-12 col-sm-6 col-xs-12 masonry-item devam-eden-projeler\">\n\n\t<article id=\"post-6575\" class=\"lqd-pf-item lqd-pf-item-style-6 border-radius-6 p-3 pt-4 lqd-pf-color-custom post-6575 liquid-portfolio type-liquid-portfolio status-publish format-standard has-post-thumbnail hentry liquid-portfolio-category-devam-eden-projeler\">\n\t\t<div class=\"lqd-pf-item-inner\">\n\n\t\t\t<div class=\"lqd-pf-img mb-3 pos-rel border-radius-10 overflow-hidden\">\n\t\t\t\t<figure>\n\t\t\t\t\t<figure  class=\"w-100\"><img decoding=\"async\" width=\"748\" height=\"476\" src=\"data:image\/svg+xml;charset=utf-8,%3Csvg xmlns%3D&#039;http%3A%2F%2Fwww.w3.org%2F2000%2Fsvg&#039; viewBox%3D&#039;0 0 748 476&#039;%2F%3E\" class=\"w-100 ld-lazyload wp-post-image\" alt=\"project top image ce645d82f24249147002435faddb1e60\" data-src=\"https:\/\/ibegegroup.com\/wp-content\/uploads\/2025\/08\/project_top_image_ce645d82f24249147002435faddb1e60-748x476.jpg\" data-aspect=\"1.5714285714286\" \/><\/figure>\t\t\t\t<\/figure>\n\t\t\t\t<span class=\"lqd-pf-overlay-bg lqd-overlay d-flex align-items-center justify-content-center\">\n\t\t\t\t<\/span>\n\t\t\t<\/div>\n\n\t\t\t<div class=\"lqd-pf-details\">\n\t\t\t\t<div class=\"d-flex justify-content-between\">\n\t\t\t\t\t\t\t\t\t\t<h2 class=\"lqd-pf-title mt-0 align-items-center h5\">Zorlu Center Istanbul<\/h2>\t\t\t\t\t\t\t\t\t<\/div>\n\t\t\t\t<ul class=\"reset-ul inline-nav lqd-pf-cat d-inline-flex pos-rel z-index-2\"><li><a href=\"https:\/\/ibegegroup.com\/en\/portfolio-category\/devam-eden-projeler\/\">Ongoing Projects<\/a><\/li><\/ul>\t\t\t<\/div>\n\n\t\t\t<a href=\"https:\/\/ibegegroup.com\/wp-content\/uploads\/2025\/08\/project_top_image_ce645d82f24249147002435faddb1e60.jpg\" class=\"lqd-overlay lqd-pf-overlay-link fresco lqd-cc-label-trigger\" data-fresco-group=\"2b7d6686\" data-cc-icon-color=\"\"><\/a>\n\t\t<\/div>\n\t<\/article>\n\n<\/div><div class=\"lqd-pf-column col-md-4 col-sm-6 col-xs-12 col-sm-6 col-xs-12 masonry-item devam-eden-projeler\">\n\n\t<article id=\"post-6638\" class=\"lqd-pf-item lqd-pf-item-style-6 border-radius-6 p-3 pt-4 lqd-pf-color-custom post-6638 liquid-portfolio type-liquid-portfolio status-publish format-standard has-post-thumbnail hentry liquid-portfolio-category-devam-eden-projeler\">\n\t\t<div class=\"lqd-pf-item-inner\">\n\n\t\t\t<div class=\"lqd-pf-img mb-3 pos-rel border-radius-10 overflow-hidden\">\n\t\t\t\t<figure>\n\t\t\t\t\t<figure  class=\"w-100\"><img decoding=\"async\" width=\"748\" height=\"476\" src=\"data:image\/svg+xml;charset=utf-8,%3Csvg xmlns%3D&#039;http%3A%2F%2Fwww.w3.org%2F2000%2Fsvg&#039; viewBox%3D&#039;0 0 748 476&#039;%2F%3E\" class=\"w-100 ld-lazyload wp-post-image\" alt=\"Adsiz tasarim 3\" data-src=\"https:\/\/ibegegroup.com\/wp-content\/uploads\/2025\/08\/Adsiz-tasarim-3-748x476.jpg\" data-aspect=\"1.5714285714286\" \/><\/figure>\t\t\t\t<\/figure>\n\t\t\t\t<span class=\"lqd-pf-overlay-bg lqd-overlay d-flex align-items-center justify-content-center\">\n\t\t\t\t<\/span>\n\t\t\t<\/div>\n\n\t\t\t<div class=\"lqd-pf-details\">\n\t\t\t\t<div class=\"d-flex justify-content-between\">\n\t\t\t\t\t\t\t\t\t\t<h2 class=\"lqd-pf-title mt-0 align-items-center h5\">Metropolis Istanbul<\/h2>\t\t\t\t\t\t\t\t\t<\/div>\n\t\t\t\t<ul class=\"reset-ul inline-nav lqd-pf-cat d-inline-flex pos-rel z-index-2\"><li><a href=\"https:\/\/ibegegroup.com\/en\/portfolio-category\/devam-eden-projeler\/\">Ongoing Projects<\/a><\/li><\/ul>\t\t\t<\/div>\n\n\t\t\t<a href=\"https:\/\/ibegegroup.com\/wp-content\/uploads\/2025\/08\/Adsiz-tasarim-3.jpg\" class=\"lqd-overlay lqd-pf-overlay-link fresco lqd-cc-label-trigger\" data-fresco-group=\"2b7d6686\" data-cc-icon-color=\"\"><\/a>\n\t\t<\/div>\n\t<\/article>\n\n<\/div><div class=\"lqd-pf-column col-md-4 col-sm-6 col-xs-12 col-sm-6 col-xs-12 masonry-item tamamlanmis-projeler\">\n\n\t<article id=\"post-6485\" class=\"lqd-pf-item lqd-pf-item-style-6 border-radius-6 p-3 pt-4 lqd-pf-color-custom post-6485 liquid-portfolio type-liquid-portfolio status-publish format-standard has-post-thumbnail hentry liquid-portfolio-category-tamamlanmis-projeler\">\n\t\t<div class=\"lqd-pf-item-inner\">\n\n\t\t\t<div class=\"lqd-pf-img mb-3 pos-rel border-radius-10 overflow-hidden\">\n\t\t\t\t<figure>\n\t\t\t\t\t<figure  class=\"w-100\"><img loading=\"lazy\" decoding=\"async\" width=\"748\" height=\"476\" src=\"data:image\/svg+xml;charset=utf-8,%3Csvg xmlns%3D&#039;http%3A%2F%2Fwww.w3.org%2F2000%2Fsvg&#039; viewBox%3D&#039;0 0 748 476&#039;%2F%3E\" class=\"w-100 ld-lazyload wp-post-image\" alt=\"Adsiz tasarim 50\" data-src=\"https:\/\/ibegegroup.com\/wp-content\/uploads\/2025\/08\/Adsiz-tasarim-50-748x476.jpg\" data-aspect=\"1.5714285714286\" \/><\/figure>\t\t\t\t<\/figure>\n\t\t\t\t<span class=\"lqd-pf-overlay-bg lqd-overlay d-flex align-items-center justify-content-center\">\n\t\t\t\t<\/span>\n\t\t\t<\/div>\n\n\t\t\t<div class=\"lqd-pf-details\">\n\t\t\t\t<div class=\"d-flex justify-content-between\">\n\t\t\t\t\t\t\t\t\t\t<h2 class=\"lqd-pf-title mt-0 align-items-center h5\">Istinye Park<\/h2>\t\t\t\t\t\t\t\t\t<\/div>\n\t\t\t\t<ul class=\"reset-ul inline-nav lqd-pf-cat d-inline-flex pos-rel z-index-2\"><li><a href=\"https:\/\/ibegegroup.com\/en\/portfolio-category\/tamamlanmis-projeler\/\">Completed Projects<\/a><\/li><\/ul>\t\t\t<\/div>\n\n\t\t\t<a href=\"https:\/\/ibegegroup.com\/wp-content\/uploads\/2025\/08\/Adsiz-tasarim-50.jpg\" class=\"lqd-overlay lqd-pf-overlay-link fresco lqd-cc-label-trigger\" data-fresco-group=\"2b7d6686\" data-cc-icon-color=\"\"><\/a>\n\t\t<\/div>\n\t<\/article>\n\n<\/div><div class=\"lqd-pf-column col-md-4 col-sm-6 col-xs-12 col-sm-6 col-xs-12 masonry-item tamamlanmis-projeler\">\n\n\t<article id=\"post-6785\" class=\"lqd-pf-item lqd-pf-item-style-6 border-radius-6 p-3 pt-4 lqd-pf-color-custom post-6785 liquid-portfolio type-liquid-portfolio status-publish format-standard has-post-thumbnail hentry liquid-portfolio-category-tamamlanmis-projeler\">\n\t\t<div class=\"lqd-pf-item-inner\">\n\n\t\t\t<div class=\"lqd-pf-img mb-3 pos-rel border-radius-10 overflow-hidden\">\n\t\t\t\t<figure>\n\t\t\t\t\t<figure  class=\"w-100\"><img loading=\"lazy\" decoding=\"async\" width=\"748\" height=\"476\" src=\"data:image\/svg+xml;charset=utf-8,%3Csvg xmlns%3D&#039;http%3A%2F%2Fwww.w3.org%2F2000%2Fsvg&#039; viewBox%3D&#039;0 0 748 476&#039;%2F%3E\" class=\"w-100 ld-lazyload wp-post-image\" alt=\"Adsiz tasarim 80\" data-src=\"https:\/\/ibegegroup.com\/wp-content\/uploads\/2025\/08\/Adsiz-tasarim-80-748x476.jpg\" data-aspect=\"1.5714285714286\" \/><\/figure>\t\t\t\t<\/figure>\n\t\t\t\t<span class=\"lqd-pf-overlay-bg lqd-overlay d-flex align-items-center justify-content-center\">\n\t\t\t\t<\/span>\n\t\t\t<\/div>\n\n\t\t\t<div class=\"lqd-pf-details\">\n\t\t\t\t<div class=\"d-flex justify-content-between\">\n\t\t\t\t\t\t\t\t\t\t<h2 class=\"lqd-pf-title mt-0 align-items-center h5\">Galataport<\/h2>\t\t\t\t\t\t\t\t\t<\/div>\n\t\t\t\t<ul class=\"reset-ul inline-nav lqd-pf-cat d-inline-flex pos-rel z-index-2\"><li><a href=\"https:\/\/ibegegroup.com\/en\/portfolio-category\/tamamlanmis-projeler\/\">Completed Projects<\/a><\/li><\/ul>\t\t\t<\/div>\n\n\t\t\t<a href=\"https:\/\/ibegegroup.com\/wp-content\/uploads\/2025\/08\/Adsiz-tasarim-80.jpg\" class=\"lqd-overlay lqd-pf-overlay-link fresco lqd-cc-label-trigger\" data-fresco-group=\"2b7d6686\" data-cc-icon-color=\"\"><\/a>\n\t\t<\/div>\n\t<\/article>\n\n<\/div><div class=\"lqd-pf-column col-md-4 col-sm-6 col-xs-12 col-sm-6 col-xs-12 masonry-item tamamlanmis-projeler\">\n\n\t<article id=\"post-7566\" class=\"lqd-pf-item lqd-pf-item-style-6 border-radius-6 p-3 pt-4 lqd-pf-color-custom post-7566 liquid-portfolio type-liquid-portfolio status-publish format-standard has-post-thumbnail hentry liquid-portfolio-category-tamamlanmis-projeler\">\n\t\t<div class=\"lqd-pf-item-inner\">\n\n\t\t\t<div class=\"lqd-pf-img mb-3 pos-rel border-radius-10 overflow-hidden\">\n\t\t\t\t<figure>\n\t\t\t\t\t<figure  class=\"w-100\"><img loading=\"lazy\" decoding=\"async\" width=\"748\" height=\"476\" src=\"data:image\/svg+xml;charset=utf-8,%3Csvg xmlns%3D&#039;http%3A%2F%2Fwww.w3.org%2F2000%2Fsvg&#039; viewBox%3D&#039;0 0 748 476&#039;%2F%3E\" class=\"w-100 ld-lazyload wp-post-image\" alt=\"site ekleme 57\" data-src=\"https:\/\/ibegegroup.com\/wp-content\/uploads\/2025\/09\/site-ekleme-57-748x476.png\" data-aspect=\"1.5714285714286\" \/><\/figure>\t\t\t\t<\/figure>\n\t\t\t\t<span class=\"lqd-pf-overlay-bg lqd-overlay d-flex align-items-center justify-content-center\">\n\t\t\t\t<\/span>\n\t\t\t<\/div>\n\n\t\t\t<div class=\"lqd-pf-details\">\n\t\t\t\t<div class=\"d-flex justify-content-between\">\n\t\t\t\t\t\t\t\t\t\t<h2 class=\"lqd-pf-title mt-0 align-items-center h5\">\u0130stanbul Finans Merkezi<\/h2>\t\t\t\t\t\t\t\t\t<\/div>\n\t\t\t\t<ul class=\"reset-ul inline-nav lqd-pf-cat d-inline-flex pos-rel z-index-2\"><li><a href=\"https:\/\/ibegegroup.com\/en\/portfolio-category\/tamamlanmis-projeler\/\">Completed Projects<\/a><\/li><\/ul>\t\t\t<\/div>\n\n\t\t\t<a href=\"https:\/\/ibegegroup.com\/wp-content\/uploads\/2025\/09\/site-ekleme-57.png\" class=\"lqd-overlay lqd-pf-overlay-link fresco lqd-cc-label-trigger\" data-fresco-group=\"2b7d6686\" data-cc-icon-color=\"\"><\/a>\n\t\t<\/div>\n\t<\/article>\n\n<\/div><div class=\"lqd-pf-column col-md-4 col-sm-6 col-xs-12 col-sm-6 col-xs-12 masonry-item tamamlanmis-projeler\">\n\n\t<article id=\"post-6792\" class=\"lqd-pf-item lqd-pf-item-style-6 border-radius-6 p-3 pt-4 lqd-pf-color-custom post-6792 liquid-portfolio type-liquid-portfolio status-publish format-standard has-post-thumbnail hentry liquid-portfolio-category-tamamlanmis-projeler\">\n\t\t<div class=\"lqd-pf-item-inner\">\n\n\t\t\t<div class=\"lqd-pf-img mb-3 pos-rel border-radius-10 overflow-hidden\">\n\t\t\t\t<figure>\n\t\t\t\t\t<figure  class=\"w-100\"><img loading=\"lazy\" decoding=\"async\" width=\"748\" height=\"476\" src=\"data:image\/svg+xml;charset=utf-8,%3Csvg xmlns%3D&#039;http%3A%2F%2Fwww.w3.org%2F2000%2Fsvg&#039; viewBox%3D&#039;0 0 748 476&#039;%2F%3E\" class=\"w-100 ld-lazyload wp-post-image\" alt=\"site ekleme 50\" data-src=\"https:\/\/ibegegroup.com\/wp-content\/uploads\/2025\/08\/site-ekleme-50-748x476.png\" data-aspect=\"1.5714285714286\" \/><\/figure>\t\t\t\t<\/figure>\n\t\t\t\t<span class=\"lqd-pf-overlay-bg lqd-overlay d-flex align-items-center justify-content-center\">\n\t\t\t\t<\/span>\n\t\t\t<\/div>\n\n\t\t\t<div class=\"lqd-pf-details\">\n\t\t\t\t<div class=\"d-flex justify-content-between\">\n\t\t\t\t\t\t\t\t\t\t<h2 class=\"lqd-pf-title mt-0 align-items-center h5\">Taksim 360<\/h2>\t\t\t\t\t\t\t\t\t<\/div>\n\t\t\t\t<ul class=\"reset-ul inline-nav lqd-pf-cat d-inline-flex pos-rel z-index-2\"><li><a href=\"https:\/\/ibegegroup.com\/en\/portfolio-category\/tamamlanmis-projeler\/\">Completed Projects<\/a><\/li><\/ul>\t\t\t<\/div>\n\n\t\t\t<a href=\"https:\/\/ibegegroup.com\/wp-content\/uploads\/2025\/08\/site-ekleme-50.png\" class=\"lqd-overlay lqd-pf-overlay-link fresco lqd-cc-label-trigger\" data-fresco-group=\"2b7d6686\" data-cc-icon-color=\"\"><\/a>\n\t\t<\/div>\n\t<\/article>\n\n<\/div><div class=\"lqd-pf-column col-md-4 col-sm-6 col-xs-12 col-sm-6 col-xs-12 masonry-item tamamlanmis-projeler\">\n\n\t<article id=\"post-6795\" class=\"lqd-pf-item lqd-pf-item-style-6 border-radius-6 p-3 pt-4 lqd-pf-color-custom post-6795 liquid-portfolio type-liquid-portfolio status-publish format-standard has-post-thumbnail hentry liquid-portfolio-category-tamamlanmis-projeler\">\n\t\t<div class=\"lqd-pf-item-inner\">\n\n\t\t\t<div class=\"lqd-pf-img mb-3 pos-rel border-radius-10 overflow-hidden\">\n\t\t\t\t<figure>\n\t\t\t\t\t<figure  class=\"w-100\"><img loading=\"lazy\" decoding=\"async\" width=\"748\" height=\"476\" src=\"data:image\/svg+xml;charset=utf-8,%3Csvg xmlns%3D&#039;http%3A%2F%2Fwww.w3.org%2F2000%2Fsvg&#039; viewBox%3D&#039;0 0 748 476&#039;%2F%3E\" class=\"w-100 ld-lazyload wp-post-image\" alt=\"Adsiz tasarim 71\" data-src=\"https:\/\/ibegegroup.com\/wp-content\/uploads\/2025\/08\/Adsiz-tasarim-71-748x476.jpg\" data-aspect=\"1.5714285714286\" \/><\/figure>\t\t\t\t<\/figure>\n\t\t\t\t<span class=\"lqd-pf-overlay-bg lqd-overlay d-flex align-items-center justify-content-center\">\n\t\t\t\t<\/span>\n\t\t\t<\/div>\n\n\t\t\t<div class=\"lqd-pf-details\">\n\t\t\t\t<div class=\"d-flex justify-content-between\">\n\t\t\t\t\t\t\t\t\t\t<h2 class=\"lqd-pf-title mt-0 align-items-center h5\">SeaPearl<\/h2>\t\t\t\t\t\t\t\t\t<\/div>\n\t\t\t\t<ul class=\"reset-ul inline-nav lqd-pf-cat d-inline-flex pos-rel z-index-2\"><li><a href=\"https:\/\/ibegegroup.com\/en\/portfolio-category\/tamamlanmis-projeler\/\">Completed Projects<\/a><\/li><\/ul>\t\t\t<\/div>\n\n\t\t\t<a href=\"https:\/\/ibegegroup.com\/wp-content\/uploads\/2025\/08\/Adsiz-tasarim-71.jpg\" class=\"lqd-overlay lqd-pf-overlay-link fresco lqd-cc-label-trigger\" data-fresco-group=\"2b7d6686\" data-cc-icon-color=\"\"><\/a>\n\t\t<\/div>\n\t<\/article>\n\n<\/div><div class=\"lqd-pf-column col-md-4 col-sm-6 col-xs-12 col-sm-6 col-xs-12 masonry-item devam-eden-projeler\">\n\n\t<article id=\"post-6693\" class=\"lqd-pf-item lqd-pf-item-style-6 border-radius-6 p-3 pt-4 lqd-pf-color-custom post-6693 liquid-portfolio type-liquid-portfolio status-publish format-standard has-post-thumbnail hentry liquid-portfolio-category-devam-eden-projeler\">\n\t\t<div class=\"lqd-pf-item-inner\">\n\n\t\t\t<div class=\"lqd-pf-img mb-3 pos-rel border-radius-10 overflow-hidden\">\n\t\t\t\t<figure>\n\t\t\t\t\t<figure  class=\"w-100\"><img loading=\"lazy\" decoding=\"async\" width=\"748\" height=\"476\" src=\"data:image\/svg+xml;charset=utf-8,%3Csvg xmlns%3D&#039;http%3A%2F%2Fwww.w3.org%2F2000%2Fsvg&#039; viewBox%3D&#039;0 0 748 476&#039;%2F%3E\" class=\"w-100 ld-lazyload wp-post-image\" alt=\"Adsiz tasarim 24\" data-src=\"https:\/\/ibegegroup.com\/wp-content\/uploads\/2025\/08\/Adsiz-tasarim-24-748x476.png\" data-aspect=\"1.5714285714286\" \/><\/figure>\t\t\t\t<\/figure>\n\t\t\t\t<span class=\"lqd-pf-overlay-bg lqd-overlay d-flex align-items-center justify-content-center\">\n\t\t\t\t<\/span>\n\t\t\t<\/div>\n\n\t\t\t<div class=\"lqd-pf-details\">\n\t\t\t\t<div class=\"d-flex justify-content-between\">\n\t\t\t\t\t\t\t\t\t\t<h2 class=\"lqd-pf-title mt-0 align-items-center h5\">\u00d6zak B\u00fcy\u00fckyal\u0131<\/h2>\t\t\t\t\t\t\t\t\t<\/div>\n\t\t\t\t<ul class=\"reset-ul inline-nav lqd-pf-cat d-inline-flex pos-rel z-index-2\"><li><a href=\"https:\/\/ibegegroup.com\/en\/portfolio-category\/devam-eden-projeler\/\">Ongoing Projects<\/a><\/li><\/ul>\t\t\t<\/div>\n\n\t\t\t<a href=\"https:\/\/ibegegroup.com\/wp-content\/uploads\/2025\/08\/Adsiz-tasarim-24.png\" class=\"lqd-overlay lqd-pf-overlay-link fresco lqd-cc-label-trigger\" data-fresco-group=\"2b7d6686\" data-cc-icon-color=\"\"><\/a>\n\t\t<\/div>\n\t<\/article>\n\n<\/div><div class=\"lqd-pf-column col-md-4 col-sm-6 col-xs-12 col-sm-6 col-xs-12 masonry-item tamamlanmis-projeler\">\n\n\t<article id=\"post-6798\" class=\"lqd-pf-item lqd-pf-item-style-6 border-radius-6 p-3 pt-4 lqd-pf-color-custom post-6798 liquid-portfolio type-liquid-portfolio status-publish format-standard has-post-thumbnail hentry liquid-portfolio-category-tamamlanmis-projeler\">\n\t\t<div class=\"lqd-pf-item-inner\">\n\n\t\t\t<div class=\"lqd-pf-img mb-3 pos-rel border-radius-10 overflow-hidden\">\n\t\t\t\t<figure>\n\t\t\t\t\t<figure  class=\"w-100\"><img loading=\"lazy\" decoding=\"async\" width=\"748\" height=\"476\" src=\"data:image\/svg+xml;charset=utf-8,%3Csvg xmlns%3D&#039;http%3A%2F%2Fwww.w3.org%2F2000%2Fsvg&#039; viewBox%3D&#039;0 0 748 476&#039;%2F%3E\" class=\"w-100 ld-lazyload wp-post-image\" alt=\"site ekleme 36\" data-src=\"https:\/\/ibegegroup.com\/wp-content\/uploads\/2025\/08\/site-ekleme-36-748x476.png\" data-aspect=\"1.5714285714286\" \/><\/figure>\t\t\t\t<\/figure>\n\t\t\t\t<span class=\"lqd-pf-overlay-bg lqd-overlay d-flex align-items-center justify-content-center\">\n\t\t\t\t<\/span>\n\t\t\t<\/div>\n\n\t\t\t<div class=\"lqd-pf-details\">\n\t\t\t\t<div class=\"d-flex justify-content-between\">\n\t\t\t\t\t\t\t\t\t\t<h2 class=\"lqd-pf-title mt-0 align-items-center h5\">Tashkent City Uzbekistan<\/h2>\t\t\t\t\t\t\t\t\t<\/div>\n\t\t\t\t<ul class=\"reset-ul inline-nav lqd-pf-cat d-inline-flex pos-rel z-index-2\"><li><a href=\"https:\/\/ibegegroup.com\/en\/portfolio-category\/tamamlanmis-projeler\/\">Completed Projects<\/a><\/li><\/ul>\t\t\t<\/div>\n\n\t\t\t<a href=\"https:\/\/ibegegroup.com\/wp-content\/uploads\/2025\/08\/site-ekleme-36.png\" class=\"lqd-overlay lqd-pf-overlay-link fresco lqd-cc-label-trigger\" data-fresco-group=\"2b7d6686\" data-cc-icon-color=\"\"><\/a>\n\t\t<\/div>\n\t<\/article>\n\n<\/div><div class=\"lqd-pf-column col-md-4 col-sm-6 col-xs-12 col-sm-6 col-xs-12 masonry-item tamamlanmis-projeler\">\n\n\t<article id=\"post-6801\" class=\"lqd-pf-item lqd-pf-item-style-6 border-radius-6 p-3 pt-4 lqd-pf-color-custom post-6801 liquid-portfolio type-liquid-portfolio status-publish format-standard has-post-thumbnail hentry liquid-portfolio-category-tamamlanmis-projeler\">\n\t\t<div class=\"lqd-pf-item-inner\">\n\n\t\t\t<div class=\"lqd-pf-img mb-3 pos-rel border-radius-10 overflow-hidden\">\n\t\t\t\t<figure>\n\t\t\t\t\t<figure  class=\"w-100\"><img loading=\"lazy\" decoding=\"async\" width=\"748\" height=\"476\" src=\"data:image\/svg+xml;charset=utf-8,%3Csvg xmlns%3D&#039;http%3A%2F%2Fwww.w3.org%2F2000%2Fsvg&#039; viewBox%3D&#039;0 0 748 476&#039;%2F%3E\" class=\"w-100 ld-lazyload wp-post-image\" alt=\"Adsiz tasarim 74\" data-src=\"https:\/\/ibegegroup.com\/wp-content\/uploads\/2025\/08\/Adsiz-tasarim-74-748x476.png\" data-aspect=\"1.5714285714286\" \/><\/figure>\t\t\t\t<\/figure>\n\t\t\t\t<span class=\"lqd-pf-overlay-bg lqd-overlay d-flex align-items-center justify-content-center\">\n\t\t\t\t<\/span>\n\t\t\t<\/div>\n\n\t\t\t<div class=\"lqd-pf-details\">\n\t\t\t\t<div class=\"d-flex justify-content-between\">\n\t\t\t\t\t\t\t\t\t\t<h2 class=\"lqd-pf-title mt-0 align-items-center h5\">Terminal Kadikoy<\/h2>\t\t\t\t\t\t\t\t\t<\/div>\n\t\t\t\t<ul class=\"reset-ul inline-nav lqd-pf-cat d-inline-flex pos-rel z-index-2\"><li><a href=\"https:\/\/ibegegroup.com\/en\/portfolio-category\/tamamlanmis-projeler\/\">Completed Projects<\/a><\/li><\/ul>\t\t\t<\/div>\n\n\t\t\t<a href=\"https:\/\/ibegegroup.com\/wp-content\/uploads\/2025\/08\/Adsiz-tasarim-74.png\" class=\"lqd-overlay lqd-pf-overlay-link fresco lqd-cc-label-trigger\" data-fresco-group=\"2b7d6686\" data-cc-icon-color=\"\"><\/a>\n\t\t<\/div>\n\t<\/article>\n\n<\/div><div class=\"lqd-pf-column col-md-4 col-sm-6 col-xs-12 col-sm-6 col-xs-12 masonry-item tamamlanmis-projeler\">\n\n\t<article id=\"post-6497\" class=\"lqd-pf-item lqd-pf-item-style-6 border-radius-6 p-3 pt-4 lqd-pf-color-custom post-6497 liquid-portfolio type-liquid-portfolio status-publish format-standard has-post-thumbnail hentry liquid-portfolio-category-tamamlanmis-projeler\">\n\t\t<div class=\"lqd-pf-item-inner\">\n\n\t\t\t<div class=\"lqd-pf-img mb-3 pos-rel border-radius-10 overflow-hidden\">\n\t\t\t\t<figure>\n\t\t\t\t\t<figure  class=\"w-100\"><img loading=\"lazy\" decoding=\"async\" width=\"748\" height=\"476\" src=\"data:image\/svg+xml;charset=utf-8,%3Csvg xmlns%3D&#039;http%3A%2F%2Fwww.w3.org%2F2000%2Fsvg&#039; viewBox%3D&#039;0 0 748 476&#039;%2F%3E\" class=\"w-100 ld-lazyload wp-post-image\" alt=\"Adsiz tasarim 54\" data-src=\"https:\/\/ibegegroup.com\/wp-content\/uploads\/2025\/08\/Adsiz-tasarim-54-748x476.png\" data-aspect=\"1.5714285714286\" \/><\/figure>\t\t\t\t<\/figure>\n\t\t\t\t<span class=\"lqd-pf-overlay-bg lqd-overlay d-flex align-items-center justify-content-center\">\n\t\t\t\t<\/span>\n\t\t\t<\/div>\n\n\t\t\t<div class=\"lqd-pf-details\">\n\t\t\t\t<div class=\"d-flex justify-content-between\">\n\t\t\t\t\t\t\t\t\t\t<h2 class=\"lqd-pf-title mt-0 align-items-center h5\">Selenium Twins Residence<\/h2>\t\t\t\t\t\t\t\t\t<\/div>\n\t\t\t\t<ul class=\"reset-ul inline-nav lqd-pf-cat d-inline-flex pos-rel z-index-2\"><li><a href=\"https:\/\/ibegegroup.com\/en\/portfolio-category\/tamamlanmis-projeler\/\">Completed Projects<\/a><\/li><\/ul>\t\t\t<\/div>\n\n\t\t\t<a href=\"https:\/\/ibegegroup.com\/wp-content\/uploads\/2025\/08\/Adsiz-tasarim-54.png\" class=\"lqd-overlay lqd-pf-overlay-link fresco lqd-cc-label-trigger\" data-fresco-group=\"2b7d6686\" data-cc-icon-color=\"\"><\/a>\n\t\t<\/div>\n\t<\/article>\n\n<\/div><\/div><div class=\"liquid-pf-nav ld-pf-nav-ajax\"><div class=\"page-nav text-center\"><nav aria-label=\"Page navigation\"><a href=\"https:\/\/ibegegroup.com\/en\/wp-json\/wp\/v2\/pages\/5910\/page\/2\/?ajaxify=1\" rel=\"nofollow\" data-ajaxify=\"true\" data-ajaxify-options=\"{&quot;wrapper&quot;:&quot;.lqd-pf-grid-2b7d6686 .lqd-pf-row&quot;,&quot;items&quot;:&quot;&gt; .masonry-item&quot;,&quot;trigger&quot;:&quot;inview&quot;}\" class=\"elementor-button btn ws-nowrap ld-ajax-loadmore ws-nowrap pos-rel\"><span class=\"static d-block\">Load More <i class=\"lqd-icn-ess icon-ion-ios-add\" style=\"vertical-align:middle\"><\/i><\/span><span class=\"loading d-block pos-abs\"><span class=\"dots d-block\"><span class=\"d-inline-block\"><\/span><span class=\"d-inline-block\"><\/span><span class=\"d-inline-block\"><\/span><\/span><span class=\"d-block mt-1\">Loading<\/span><\/span><span class=\"all-loaded d-block pos-abs\">All items loaded <svg width=\"32\" height=\"29\" xmlns=\"http:\/\/www.w3.org\/2000\/svg\" viewbox=\"0 0 32 29\" style=\"width: 1.5em; height: 1.5em; margin-inline-start: 0.5em;\"><path fill=\"currentColor\" d=\"M25.74 6.23c0.38 0.34 0.42 0.9 0.09 1.28l-12.77 14.58a0.91 0.91 0 0 1-1.33 0.04l-5.46-5.46a0.91 0.91 0 1 1 1.29-1.29l4.77 4.78 12.12-13.85a0.91 0.91 0 0 1 1.29-0.08z\"><\/path><\/svg><\/span><\/a><\/nav><\/div><\/div><\/div>\t\t\t\t<\/div>\n\t\t\t\t<\/div>\n\t\t\t\t\t<\/div>\n\t\t<\/div>\n\t\t\t\t\t<\/div>\n\t\t<\/section>\n\t\t\t\t<\/div>","protected":false},"excerpt":{"rendered":"<p>A\u011fao\u011flu Maslak 1453 Devam Eden Projeler Zorlu Center \u0130stanbul Devam Eden Projeler Metropol \u0130stanbul Devam Eden Projeler \u0130stinye Park Tamamlanm\u0131\u015f Projeler Galataport Tamamlanm\u0131\u015f Projeler \u0130stanbul Finans Merkezi Tamamlanm\u0131\u015f Projeler Taksim 360 Tamamlanm\u0131\u015f Projeler SeaPearl Tamamlanm\u0131\u015f Projeler \u00d6zak B\u00fcy\u00fckyal\u0131 Devam Eden Projeler Ta\u015fkent City \u00d6zbekistan Tamamlanm\u0131\u015f Projeler Terminal Kad\u0131k\u00f6y Tamamlanm\u0131\u015f Projeler Selenium Twins Residence Tamamlanm\u0131\u015f Projeler [&hellip;]<\/p>","protected":false},"author":1,"featured_media":0,"parent":0,"menu_order":0,"comment_status":"closed","ping_status":"closed","template":"","meta":{"footnotes":""},"class_list":["post-5910","page","type-page","status-publish","hentry"],"_links":{"self":[{"href":"https:\/\/ibegegroup.com\/en\/wp-json\/wp\/v2\/pages\/5910","targetHints":{"allow":["GET"]}}],"collection":[{"href":"https:\/\/ibegegroup.com\/en\/wp-json\/wp\/v2\/pages"}],"about":[{"href":"https:\/\/ibegegroup.com\/en\/wp-json\/wp\/v2\/types\/page"}],"author":[{"embeddable":true,"href":"https:\/\/ibegegroup.com\/en\/wp-json\/wp\/v2\/users\/1"}],"replies":[{"embeddable":true,"href":"https:\/\/ibegegroup.com\/en\/wp-json\/wp\/v2\/comments?post=5910"}],"version-history":[{"count":74,"href":"https:\/\/ibegegroup.com\/en\/wp-json\/wp\/v2\/pages\/5910\/revisions"}],"predecessor-version":[{"id":7745,"href":"https:\/\/ibegegroup.com\/en\/wp-json\/wp\/v2\/pages\/5910\/revisions\/7745"}],"wp:attachment":[{"href":"https:\/\/ibegegroup.com\/en\/wp-json\/wp\/v2\/media?parent=5910"}],"curies":[{"name":"wp","href":"https:\/\/api.w.org\/{rel}","templated":true}]}}